{"id":17,"date":"2026-05-11T11:18:17","date_gmt":"2026-05-11T11:18:17","guid":{"rendered":"https:\/\/mpacific.net\/portafolio\/"},"modified":"2026-05-12T07:23:57","modified_gmt":"2026-05-12T07:23:57","slug":"portafolio","status":"publish","type":"page","link":"https:\/\/mpacific.net\/es\/portafolio\/","title":{"rendered":"About us"},"content":{"rendered":"<div class=\"wp-block-group alignfull is-style-ext-preset--group--natural-1--section has-background-background-color has-background has-global-padding is-layout-constrained wp-block-group-is-layout-constrained\" id=\"acerca-de\" style=\"margin-top:0;margin-bottom:0;padding-top:var(--wp--preset--spacing--70);padding-bottom:var(--wp--preset--spacing--70)\">\n<div class=\"wp-block-columns alignwide are-vertically-aligned-center is-layout-flex wp-container-core-columns-is-layout-174606dc wp-block-columns-is-layout-flex\">\n<div class=\"wp-block-column is-vertically-aligned-center is-layout-flow wp-block-column-is-layout-flow\">\n<figure class=\"wp-block-image is-style-ext-preset--image--natural-1--image-1--content-right ext-animate--on is-style-ext-preset--image--natural-1--image-1--content-right--2\"><img loading=\"lazy\" decoding=\"async\" width=\"1440\" height=\"957\" class=\"wp-image-37\" src=\"https:\/\/mpacific.net\/wp-content\/uploads\/2026\/05\/af61247febaee08ed12a324e3588ef128654cfcf.jpg\" alt=\"\" style=\"aspect-ratio:1;object-fit:cover\" srcset=\"https:\/\/mpacific.net\/wp-content\/uploads\/2026\/05\/af61247febaee08ed12a324e3588ef128654cfcf.jpg 1440w, https:\/\/mpacific.net\/wp-content\/uploads\/2026\/05\/af61247febaee08ed12a324e3588ef128654cfcf-300x199.jpg 300w, https:\/\/mpacific.net\/wp-content\/uploads\/2026\/05\/af61247febaee08ed12a324e3588ef128654cfcf-1024x681.jpg 1024w, https:\/\/mpacific.net\/wp-content\/uploads\/2026\/05\/af61247febaee08ed12a324e3588ef128654cfcf-768x510.jpg 768w, https:\/\/mpacific.net\/wp-content\/uploads\/2026\/05\/af61247febaee08ed12a324e3588ef128654cfcf-18x12.jpg 18w\" sizes=\"auto, (max-width: 1440px) 100vw, 1440px\" \/><\/figure>\n<\/div>\n\n\n\n<div class=\"wp-block-column is-vertically-aligned-center is-layout-flow wp-block-column-is-layout-flow\">\n<h2 class=\"wp-block-heading ext-animate--on\">Explora c\u00f3mo Maritime Pacific S.L. impulsa la excelencia mar\u00edtima.<\/h2>\n\n\n\n<p class=\"ext-animate--on\" style=\"margin-top:1.5rem\">Presentamos nuestra misi\u00f3n y valores fundamentales, reflejando nuestro compromiso con servicios mar\u00edtimos integrales y visi\u00f3n estrat\u00e9gica para liderar el sector en el Estrecho de Gibraltar.<\/p>\n<\/div>\n<\/div>\n<\/div>\n\n<div class=\"wp-block-group alignfull is-style-ext-preset--group--natural-1--section has-tertiary-background-color has-background has-global-padding is-layout-constrained wp-container-core-group-is-layout-f72f1611 wp-block-group-is-layout-constrained\" id=\"galeria\" style=\"margin-top:0;margin-bottom:0;padding-top:var(--wp--preset--spacing--70);padding-bottom:var(--wp--preset--spacing--70)\">\n<div class=\"wp-block-group alignwide ext-is-logical-start has-global-padding is-content-justification-left is-layout-constrained wp-container-core-group-is-layout-6729bdbe wp-block-group-is-layout-constrained\">\n<h2 class=\"wp-block-heading ext-animate--on\">Descubre nuestro portafolio mar\u00edtimo especializado.<\/h2>\n\n\n\n<p class=\"has-text-align-left ext-animate--on\">Aqu\u00ed presentamos una cuidada selecci\u00f3n de proyectos que reflejan nuestra experiencia y compromiso en el sector mar\u00edtimo.<\/p>\n<\/div>\n\n\n\n<div class=\"wp-block-columns alignwide is-layout-flex wp-container-core-columns-is-layout-87beb0d0 wp-block-columns-is-layout-flex\">\n<div class=\"wp-block-column is-vertically-aligned-stretch ext-animate--on is-layout-flow wp-container-core-column-is-layout-f5bb311e wp-block-column-is-layout-flow\" style=\"flex-basis:50%\">\n<div class=\"wp-block-cover is-style-ext-preset--image--natural-1--image-1--content-top is-style-ext-preset--image--natural-1--image-1--content-top--4\" style=\"padding-top:0;padding-bottom:0;min-height:100%;aspect-ratio:unset;\"><img loading=\"lazy\" decoding=\"async\" width=\"1440\" height=\"961\" class=\"wp-block-cover__image-background wp-image-38\" alt=\"\" src=\"https:\/\/mpacific.net\/wp-content\/uploads\/2026\/05\/b7e9580e277078465ab2bd1f298966665ab2f8ec.jpg\" data-object-fit=\"cover\" srcset=\"https:\/\/mpacific.net\/wp-content\/uploads\/2026\/05\/b7e9580e277078465ab2bd1f298966665ab2f8ec.jpg 1440w, https:\/\/mpacific.net\/wp-content\/uploads\/2026\/05\/b7e9580e277078465ab2bd1f298966665ab2f8ec-300x200.jpg 300w, https:\/\/mpacific.net\/wp-content\/uploads\/2026\/05\/b7e9580e277078465ab2bd1f298966665ab2f8ec-1024x683.jpg 1024w, https:\/\/mpacific.net\/wp-content\/uploads\/2026\/05\/b7e9580e277078465ab2bd1f298966665ab2f8ec-768x513.jpg 768w, https:\/\/mpacific.net\/wp-content\/uploads\/2026\/05\/b7e9580e277078465ab2bd1f298966665ab2f8ec-18x12.jpg 18w\" sizes=\"auto, (max-width: 1440px) 100vw, 1440px\" \/><span aria-hidden=\"true\" class=\"wp-block-cover__background has-background-dim-0 has-background-dim\"><\/span><div class=\"wp-block-cover__inner-container is-layout-flow wp-block-cover-is-layout-flow\">\n<div style=\"height:240px\" aria-hidden=\"true\" class=\"wp-block-spacer\"><\/div>\n<\/div><\/div>\n<\/div>\n\n\n\n<div class=\"wp-block-column is-vertically-aligned-top ext-animate--on is-layout-flow wp-container-core-column-is-layout-f5bb311e wp-block-column-is-layout-flow\">\n<figure class=\"wp-block-image is-style-ext-preset--image--natural-1--image-1--content-top is-style-ext-preset--image--natural-1--image-1--content-top--5\"><img loading=\"lazy\" decoding=\"async\" width=\"1440\" height=\"957\" class=\"wp-image-37\" src=\"https:\/\/mpacific.net\/wp-content\/uploads\/2026\/05\/af61247febaee08ed12a324e3588ef128654cfcf.jpg\" alt=\"\" style=\"aspect-ratio:1;object-fit:cover\" srcset=\"https:\/\/mpacific.net\/wp-content\/uploads\/2026\/05\/af61247febaee08ed12a324e3588ef128654cfcf.jpg 1440w, https:\/\/mpacific.net\/wp-content\/uploads\/2026\/05\/af61247febaee08ed12a324e3588ef128654cfcf-300x199.jpg 300w, https:\/\/mpacific.net\/wp-content\/uploads\/2026\/05\/af61247febaee08ed12a324e3588ef128654cfcf-1024x681.jpg 1024w, https:\/\/mpacific.net\/wp-content\/uploads\/2026\/05\/af61247febaee08ed12a324e3588ef128654cfcf-768x510.jpg 768w, https:\/\/mpacific.net\/wp-content\/uploads\/2026\/05\/af61247febaee08ed12a324e3588ef128654cfcf-18x12.jpg 18w\" sizes=\"auto, (max-width: 1440px) 100vw, 1440px\" \/><\/figure>\n\n\n\n<figure class=\"wp-block-image is-style-ext-preset--image--natural-1--image-1--content-top is-style-ext-preset--image--natural-1--image-1--content-top--6\"><img loading=\"lazy\" decoding=\"async\" width=\"1440\" height=\"1080\" class=\"wp-image-39\" src=\"https:\/\/mpacific.net\/wp-content\/uploads\/2026\/05\/137106fe47e1bda2aee284e63c6239dbea3189cb.jpg\" alt=\"\" style=\"aspect-ratio:1;object-fit:cover\" srcset=\"https:\/\/mpacific.net\/wp-content\/uploads\/2026\/05\/137106fe47e1bda2aee284e63c6239dbea3189cb.jpg 1440w, https:\/\/mpacific.net\/wp-content\/uploads\/2026\/05\/137106fe47e1bda2aee284e63c6239dbea3189cb-300x225.jpg 300w, https:\/\/mpacific.net\/wp-content\/uploads\/2026\/05\/137106fe47e1bda2aee284e63c6239dbea3189cb-1024x768.jpg 1024w, https:\/\/mpacific.net\/wp-content\/uploads\/2026\/05\/137106fe47e1bda2aee284e63c6239dbea3189cb-768x576.jpg 768w, https:\/\/mpacific.net\/wp-content\/uploads\/2026\/05\/137106fe47e1bda2aee284e63c6239dbea3189cb-16x12.jpg 16w\" sizes=\"auto, (max-width: 1440px) 100vw, 1440px\" \/><\/figure>\n<\/div>\n\n\n\n<div class=\"wp-block-column is-vertically-aligned-top ext-animate--on is-layout-flow wp-container-core-column-is-layout-f5bb311e wp-block-column-is-layout-flow\">\n<figure class=\"wp-block-image is-style-ext-preset--image--natural-1--image-1--content-top is-style-ext-preset--image--natural-1--image-1--content-top--7\"><img loading=\"lazy\" decoding=\"async\" width=\"1440\" height=\"960\" class=\"wp-image-40\" src=\"https:\/\/mpacific.net\/wp-content\/uploads\/2026\/05\/ade9912159fc1a237006df6bbbb721b5188d545d.jpg\" alt=\"\" style=\"aspect-ratio:1;object-fit:cover\" srcset=\"https:\/\/mpacific.net\/wp-content\/uploads\/2026\/05\/ade9912159fc1a237006df6bbbb721b5188d545d.jpg 1440w, https:\/\/mpacific.net\/wp-content\/uploads\/2026\/05\/ade9912159fc1a237006df6bbbb721b5188d545d-300x200.jpg 300w, https:\/\/mpacific.net\/wp-content\/uploads\/2026\/05\/ade9912159fc1a237006df6bbbb721b5188d545d-1024x683.jpg 1024w, https:\/\/mpacific.net\/wp-content\/uploads\/2026\/05\/ade9912159fc1a237006df6bbbb721b5188d545d-768x512.jpg 768w, https:\/\/mpacific.net\/wp-content\/uploads\/2026\/05\/ade9912159fc1a237006df6bbbb721b5188d545d-18x12.jpg 18w\" sizes=\"auto, (max-width: 1440px) 100vw, 1440px\" \/><\/figure>\n\n\n\n<figure class=\"wp-block-image is-style-ext-preset--image--natural-1--image-1--content-top is-style-ext-preset--image--natural-1--image-1--content-top--8\"><img loading=\"lazy\" decoding=\"async\" width=\"1440\" height=\"960\" class=\"wp-image-41\" src=\"https:\/\/mpacific.net\/wp-content\/uploads\/2026\/05\/30a36fecb65f87be34ffa7027fe9028c822c77fc.jpg\" alt=\"\" style=\"aspect-ratio:1;object-fit:cover\" srcset=\"https:\/\/mpacific.net\/wp-content\/uploads\/2026\/05\/30a36fecb65f87be34ffa7027fe9028c822c77fc.jpg 1440w, https:\/\/mpacific.net\/wp-content\/uploads\/2026\/05\/30a36fecb65f87be34ffa7027fe9028c822c77fc-300x200.jpg 300w, https:\/\/mpacific.net\/wp-content\/uploads\/2026\/05\/30a36fecb65f87be34ffa7027fe9028c822c77fc-1024x683.jpg 1024w, https:\/\/mpacific.net\/wp-content\/uploads\/2026\/05\/30a36fecb65f87be34ffa7027fe9028c822c77fc-768x512.jpg 768w, https:\/\/mpacific.net\/wp-content\/uploads\/2026\/05\/30a36fecb65f87be34ffa7027fe9028c822c77fc-18x12.jpg 18w\" sizes=\"auto, (max-width: 1440px) 100vw, 1440px\" \/><\/figure>\n<\/div>\n<\/div>\n<\/div>\n\n<div class=\"wp-block-group alignfull is-style-ext-preset--group--natural-1--section has-background-background-color has-background has-global-padding is-layout-constrained wp-container-core-group-is-layout-e955bbaf wp-block-group-is-layout-constrained\" style=\"margin-top:0;margin-bottom:0;padding-top:var(--wp--preset--spacing--70);padding-bottom:var(--wp--preset--spacing--70)\">\n<div class=\"wp-block-group alignwide ext-is-logical-start has-global-padding is-content-justification-left is-layout-constrained wp-container-core-group-is-layout-6729bdbe wp-block-group-is-layout-constrained\">\n<h2 class=\"wp-block-heading ext-animate--on\">Casos de \u00e9xito destacados en el sector mar\u00edtimo.<\/h2>\n\n\n\n<p class=\"ext-animate--on\">Esta secci\u00f3n detalla el proceso integral para gestionar servicios mar\u00edtimos, facilitando a los clientes la comprensi\u00f3n y aprovechamiento \u00f3ptimo.<\/p>\n<\/div>\n\n\n\n<div class=\"wp-block-media-text alignwide has-media-on-the-right is-stacked-on-mobile is-image-fill-element is-style-ext-preset--media-text--natural-1--card-1 ext-animate--on is-style-ext-preset--media-text--natural-1--card-1--10\"><div class=\"wp-block-media-text__content\">\n<div class=\"wp-block-group alignwide is-vertical is-layout-flex wp-container-core-group-is-layout-53474e87 wp-block-group-is-layout-flex\" style=\"padding-top:var(--wp--preset--spacing--60);padding-bottom:var(--wp--preset--spacing--60)\">\n<div class=\"wp-block-group has-global-padding is-layout-constrained wp-container-core-group-is-layout-812d5580 wp-block-group-is-layout-constrained\" style=\"padding-top:0;padding-right:0;padding-bottom:0;padding-left:0\">\n<h3 class=\"wp-block-heading\">C\u00f3mo una empresa mar\u00edtima increment\u00f3 su eficiencia y alcance.<\/h3>\n\n\n\n<p>Este caso muestra c\u00f3mo una compa\u00f1\u00eda naval super\u00f3 retos log\u00edsticos con nuestra asistencia, logrando operaciones m\u00e1s \u00e1giles y clientes satisfechos.<\/p>\n<\/div>\n<\/div>\n<\/div><figure class=\"wp-block-media-text__media\"><img loading=\"lazy\" decoding=\"async\" width=\"1280\" height=\"1920\" class=\"wp-image-42 size-full\" src=\"https:\/\/mpacific.net\/wp-content\/uploads\/2026\/05\/cc2297ed0d976c37cbd460dfe1eedc430439fd68.jpg\" alt=\"\" style=\"object-position:50% 50%\" srcset=\"https:\/\/mpacific.net\/wp-content\/uploads\/2026\/05\/cc2297ed0d976c37cbd460dfe1eedc430439fd68.jpg 1280w, https:\/\/mpacific.net\/wp-content\/uploads\/2026\/05\/cc2297ed0d976c37cbd460dfe1eedc430439fd68-200x300.jpg 200w, https:\/\/mpacific.net\/wp-content\/uploads\/2026\/05\/cc2297ed0d976c37cbd460dfe1eedc430439fd68-683x1024.jpg 683w, https:\/\/mpacific.net\/wp-content\/uploads\/2026\/05\/cc2297ed0d976c37cbd460dfe1eedc430439fd68-768x1152.jpg 768w, https:\/\/mpacific.net\/wp-content\/uploads\/2026\/05\/cc2297ed0d976c37cbd460dfe1eedc430439fd68-1024x1536.jpg 1024w, https:\/\/mpacific.net\/wp-content\/uploads\/2026\/05\/cc2297ed0d976c37cbd460dfe1eedc430439fd68-8x12.jpg 8w\" sizes=\"auto, (max-width: 1280px) 100vw, 1280px\" \/><\/figure><\/div>\n\n\n\n<div class=\"wp-block-media-text alignwide is-stacked-on-mobile is-image-fill-element is-style-ext-preset--media-text--natural-1--card-1 ext-animate--on is-style-ext-preset--media-text--natural-1--card-1--11\" style=\"margin-top:var(--wp--preset--spacing--40)\"><figure class=\"wp-block-media-text__media\"><img loading=\"lazy\" decoding=\"async\" width=\"1280\" height=\"1920\" class=\"wp-image-33 size-full\" src=\"https:\/\/mpacific.net\/wp-content\/uploads\/2026\/05\/36a54e0622f55fe74c283ea0fec349967e420444.jpg\" alt=\"\" style=\"object-position:50% 50%\" srcset=\"https:\/\/mpacific.net\/wp-content\/uploads\/2026\/05\/36a54e0622f55fe74c283ea0fec349967e420444.jpg 1280w, https:\/\/mpacific.net\/wp-content\/uploads\/2026\/05\/36a54e0622f55fe74c283ea0fec349967e420444-200x300.jpg 200w, https:\/\/mpacific.net\/wp-content\/uploads\/2026\/05\/36a54e0622f55fe74c283ea0fec349967e420444-683x1024.jpg 683w, https:\/\/mpacific.net\/wp-content\/uploads\/2026\/05\/36a54e0622f55fe74c283ea0fec349967e420444-768x1152.jpg 768w, https:\/\/mpacific.net\/wp-content\/uploads\/2026\/05\/36a54e0622f55fe74c283ea0fec349967e420444-1024x1536.jpg 1024w, https:\/\/mpacific.net\/wp-content\/uploads\/2026\/05\/36a54e0622f55fe74c283ea0fec349967e420444-8x12.jpg 8w\" sizes=\"auto, (max-width: 1280px) 100vw, 1280px\" \/><\/figure><div class=\"wp-block-media-text__content\">\n<div class=\"wp-block-group alignwide is-vertical is-layout-flex wp-container-core-group-is-layout-53474e87 wp-block-group-is-layout-flex\" style=\"padding-top:var(--wp--preset--spacing--60);padding-bottom:var(--wp--preset--spacing--60)\">\n<div class=\"wp-block-group has-global-padding is-layout-constrained wp-container-core-group-is-layout-812d5580 wp-block-group-is-layout-constrained\" style=\"padding-top:0;padding-right:0;padding-bottom:0;padding-left:0\">\n<h3 class=\"wp-block-heading\">Logrando resultados sostenibles mediante soluciones mar\u00edtimas innovadoras.<\/h3>\n\n\n\n<p>Este an\u00e1lisis revela c\u00f3mo una firma del sector optimiz\u00f3 recursos y mejor\u00f3 su rendimiento con estrategias especializadas.<\/p>\n<\/div>\n<\/div>\n<\/div><\/div>\n\n\n\n<div class=\"wp-block-media-text alignwide has-media-on-the-right is-stacked-on-mobile is-image-fill-element is-style-ext-preset--media-text--natural-1--card-1 ext-animate--on is-style-ext-preset--media-text--natural-1--card-1--12\" style=\"margin-top:var(--wp--preset--spacing--40)\"><div class=\"wp-block-media-text__content\">\n<div class=\"wp-block-group alignwide is-vertical is-layout-flex wp-container-core-group-is-layout-53474e87 wp-block-group-is-layout-flex\" style=\"padding-top:var(--wp--preset--spacing--60);padding-bottom:var(--wp--preset--spacing--60)\">\n<div class=\"wp-block-group has-global-padding is-layout-constrained wp-container-core-group-is-layout-812d5580 wp-block-group-is-layout-constrained\" style=\"padding-top:0;padding-right:0;padding-bottom:0;padding-left:0\">\n<h3 class=\"wp-block-heading\">Impulsando la eficiencia portuaria con servicios personalizados.<\/h3>\n\n\n\n<p>Este caso ilustra c\u00f3mo una empresa utiliz\u00f3 nuestros servicios para mejorar la log\u00edstica, reducir tiempos y expandir su presencia internacional.<\/p>\n<\/div>\n<\/div>\n<\/div><figure class=\"wp-block-media-text__media\"><img loading=\"lazy\" decoding=\"async\" width=\"1280\" height=\"1828\" class=\"wp-image-34 size-full\" src=\"https:\/\/mpacific.net\/wp-content\/uploads\/2026\/05\/2b783ce0fcce64ff67550eff598174e761599f21.jpg\" alt=\"\" style=\"object-position:50% 50%\" srcset=\"https:\/\/mpacific.net\/wp-content\/uploads\/2026\/05\/2b783ce0fcce64ff67550eff598174e761599f21.jpg 1280w, https:\/\/mpacific.net\/wp-content\/uploads\/2026\/05\/2b783ce0fcce64ff67550eff598174e761599f21-210x300.jpg 210w, https:\/\/mpacific.net\/wp-content\/uploads\/2026\/05\/2b783ce0fcce64ff67550eff598174e761599f21-717x1024.jpg 717w, https:\/\/mpacific.net\/wp-content\/uploads\/2026\/05\/2b783ce0fcce64ff67550eff598174e761599f21-768x1097.jpg 768w, https:\/\/mpacific.net\/wp-content\/uploads\/2026\/05\/2b783ce0fcce64ff67550eff598174e761599f21-1076x1536.jpg 1076w, https:\/\/mpacific.net\/wp-content\/uploads\/2026\/05\/2b783ce0fcce64ff67550eff598174e761599f21-8x12.jpg 8w\" sizes=\"auto, (max-width: 1280px) 100vw, 1280px\" \/><\/figure><\/div>\n\n\n\n<div class=\"wp-block-buttons ext-animate--on is-content-justification-center is-layout-flex wp-container-core-buttons-is-layout-a89b3969 wp-block-buttons-is-layout-flex\">\n<div class=\"wp-block-button is-style-ext-preset--button--natural-1--button-1 is-style-ext-preset--button--natural-1--button-1--13\"><a class=\"wp-block-button__link wp-element-button\" href=\"https:\/\/mpacific.net\/es\/contacto\/\">Ver m\u00e1s<\/a><\/div>\n<\/div>\n<\/div>","protected":false},"excerpt":{"rendered":"<p>Explora c\u00f3mo Maritime Pacific S.L. impulsa la excelencia mar\u00edtima. Presentamos nuestra misi\u00f3n y valores fundamentales, reflejando nuestro compromiso con servicios mar\u00edtimos integrales y visi\u00f3n estrat\u00e9gica para liderar el sector en el Estrecho de Gibraltar. Descubre nuestro portafolio mar\u00edtimo especializado. Aqu\u00ed presentamos una cuidada selecci\u00f3n de proyectos que reflejan nuestra experiencia y compromiso en el sector [&hellip;]<\/p>\n","protected":false},"author":1,"featured_media":0,"parent":0,"menu_order":0,"comment_status":"closed","ping_status":"closed","template":"page-with-title","meta":{"footnotes":""},"class_list":["post-17","page","type-page","status-publish","hentry"],"_links":{"self":[{"href":"https:\/\/mpacific.net\/es\/wp-json\/wp\/v2\/pages\/17","targetHints":{"allow":["GET"]}}],"collection":[{"href":"https:\/\/mpacific.net\/es\/wp-json\/wp\/v2\/pages"}],"about":[{"href":"https:\/\/mpacific.net\/es\/wp-json\/wp\/v2\/types\/page"}],"author":[{"embeddable":true,"href":"https:\/\/mpacific.net\/es\/wp-json\/wp\/v2\/users\/1"}],"replies":[{"embeddable":true,"href":"https:\/\/mpacific.net\/es\/wp-json\/wp\/v2\/comments?post=17"}],"version-history":[{"count":3,"href":"https:\/\/mpacific.net\/es\/wp-json\/wp\/v2\/pages\/17\/revisions"}],"predecessor-version":[{"id":60,"href":"https:\/\/mpacific.net\/es\/wp-json\/wp\/v2\/pages\/17\/revisions\/60"}],"wp:attachment":[{"href":"https:\/\/mpacific.net\/es\/wp-json\/wp\/v2\/media?parent=17"}],"curies":[{"name":"wp","href":"https:\/\/api.w.org\/{rel}","templated":true}]}}